{"id":47,"date":"2022-01-20T19:07:13","date_gmt":"2022-01-20T19:07:13","guid":{"rendered":"https:\/\/pasteldfeira.com.br\/cardapio\/?post_type=product&#038;p=47"},"modified":"2022-07-02T14:05:19","modified_gmt":"2022-07-02T14:05:19","slug":"suco-polpa-350ml-com-leite","status":"publish","type":"product","link":"https:\/\/pasteldfeira.com.br\/cardapio\/produto\/suco-polpa-350ml-com-leite\/","title":{"rendered":"Suco Polpa 350mL com leite"},"content":{"rendered":"<p>Abacaxi, Abacaxi com Hortel\u00e3, A\u00e7a\u00ed, Coco, Acerola, Amora, Caju, Cupua\u00e7u, Mam\u00e3o, Maracuj\u00e1, Mel\u00e3o, Morango ou Uva<\/p>\n","protected":false},"excerpt":{"rendered":"<p>Abacaxi, Abacaxi com Hortel\u00e3, A\u00e7a\u00ed, Coco, Acerola, Amora, Caju, Cupua\u00e7u, Mam\u00e3o, Maracuj\u00e1, Mel\u00e3o, Morango ou Uva<\/p>\n","protected":false},"featured_media":726,"comment_status":"open","ping_status":"closed","template":"","meta":[],"product_brand":[],"product_cat":[299],"product_tag":[34,104,105,106,107,108,109,110,111,112,113,114,115,116,117],"class_list":{"0":"post-47","1":"product","2":"type-product","3":"status-publish","4":"has-post-thumbnail","6":"product_cat-vidros","7":"product_tag-pastel-dfeira","8":"product_tag-suco-de-abacaxi","9":"product_tag-suco-de-abacaxi-com-hortela","10":"product_tag-suco-de-acai","11":"product_tag-suco-de-acerola","12":"product_tag-suco-de-amora","13":"product_tag-suco-de-caju","14":"product_tag-suco-de-coco","15":"product_tag-suco-de-cupuacu","16":"product_tag-suco-de-mamao","17":"product_tag-suco-de-maracuja","18":"product_tag-suco-de-melao","19":"product_tag-suco-de-morango","20":"product_tag-suco-de-uva","21":"product_tag-sucos","23":"first","24":"instock","25":"shipping-taxable","26":"purchasable","27":"product-type-simple"},"_links":{"self":[{"href":"https:\/\/pasteldfeira.com.br\/cardapio\/wp-json\/wp\/v2\/product\/47","targetHints":{"allow":["GET"]}}],"collection":[{"href":"https:\/\/pasteldfeira.com.br\/cardapio\/wp-json\/wp\/v2\/product"}],"about":[{"href":"https:\/\/pasteldfeira.com.br\/cardapio\/wp-json\/wp\/v2\/types\/product"}],"replies":[{"embeddable":true,"href":"https:\/\/pasteldfeira.com.br\/cardapio\/wp-json\/wp\/v2\/comments?post=47"}],"wp:featuredmedia":[{"embeddable":true,"href":"https:\/\/pasteldfeira.com.br\/cardapio\/wp-json\/wp\/v2\/media\/726"}],"wp:attachment":[{"href":"https:\/\/pasteldfeira.com.br\/cardapio\/wp-json\/wp\/v2\/media?parent=47"}],"wp:term":[{"taxonomy":"product_brand","embeddable":true,"href":"https:\/\/pasteldfeira.com.br\/cardapio\/wp-json\/wp\/v2\/product_brand?post=47"},{"taxonomy":"product_cat","embeddable":true,"href":"https:\/\/pasteldfeira.com.br\/cardapio\/wp-json\/wp\/v2\/product_cat?post=47"},{"taxonomy":"product_tag","embeddable":true,"href":"https:\/\/pasteldfeira.com.br\/cardapio\/wp-json\/wp\/v2\/product_tag?post=47"}],"curies":[{"name":"wp","href":"https:\/\/api.w.org\/{rel}","templated":true}]}}