{"id":29,"date":"2022-01-20T19:06:59","date_gmt":"2022-01-20T19:06:59","guid":{"rendered":"https:\/\/pasteldfeira.com.br\/cardapio\/?post_type=product&#038;p=29"},"modified":"2022-02-04T19:18:23","modified_gmt":"2022-02-04T19:18:23","slug":"pao-com-ovo","status":"publish","type":"product","link":"https:\/\/pasteldfeira.com.br\/cardapio\/produto\/pao-com-ovo\/","title":{"rendered":"P\u00e3o com Ovo"},"content":{"rendered":"<p>P\u00e3o com ovo. &#8220;Caf\u00e9 coado na x\u00edcara, p\u00e3o fresquinho, ovos mexidos e muito amor pra oferecer.&#8221;<\/p>\n","protected":false},"excerpt":{"rendered":"<p>P\u00e3o com Ovo. &#8220;Caf\u00e9 coado na x\u00edcara, p\u00e3o fresquinho, ovos mexidos e muito amor pra oferecer.&#8221;<\/p>\n","protected":false},"featured_media":681,"comment_status":"open","ping_status":"closed","template":"","meta":[],"product_brand":[],"product_cat":[19],"product_tag":[339,340,337,338,342,64,65,66,34,341],"class_list":{"0":"post-29","1":"product","2":"type-product","3":"status-publish","4":"has-post-thumbnail","6":"product_cat-paes","7":"product_tag-aberto-agora","8":"product_tag-comida","9":"product_tag-lanche","10":"product_tag-lanche-em-tupa","11":"product_tag-lugar-para-comer","12":"product_tag-paes","13":"product_tag-pao-com-ovo","14":"product_tag-pao-com-ovo-na-pastel-dfeira","15":"product_tag-pastel-dfeira","16":"product_tag-restaurante","18":"first","19":"instock","20":"shipping-taxable","21":"purchasable","22":"product-type-simple"},"_links":{"self":[{"href":"https:\/\/pasteldfeira.com.br\/cardapio\/wp-json\/wp\/v2\/product\/29","targetHints":{"allow":["GET"]}}],"collection":[{"href":"https:\/\/pasteldfeira.com.br\/cardapio\/wp-json\/wp\/v2\/product"}],"about":[{"href":"https:\/\/pasteldfeira.com.br\/cardapio\/wp-json\/wp\/v2\/types\/product"}],"replies":[{"embeddable":true,"href":"https:\/\/pasteldfeira.com.br\/cardapio\/wp-json\/wp\/v2\/comments?post=29"}],"wp:featuredmedia":[{"embeddable":true,"href":"https:\/\/pasteldfeira.com.br\/cardapio\/wp-json\/wp\/v2\/media\/681"}],"wp:attachment":[{"href":"https:\/\/pasteldfeira.com.br\/cardapio\/wp-json\/wp\/v2\/media?parent=29"}],"wp:term":[{"taxonomy":"product_brand","embeddable":true,"href":"https:\/\/pasteldfeira.com.br\/cardapio\/wp-json\/wp\/v2\/product_brand?post=29"},{"taxonomy":"product_cat","embeddable":true,"href":"https:\/\/pasteldfeira.com.br\/cardapio\/wp-json\/wp\/v2\/product_cat?post=29"},{"taxonomy":"product_tag","embeddable":true,"href":"https:\/\/pasteldfeira.com.br\/cardapio\/wp-json\/wp\/v2\/product_tag?post=29"}],"curies":[{"name":"wp","href":"https:\/\/api.w.org\/{rel}","templated":true}]}}