{"id":27,"date":"2022-01-20T19:06:59","date_gmt":"2022-01-20T19:06:59","guid":{"rendered":"https:\/\/pasteldfeira.com.br\/cardapio\/?post_type=product&#038;p=27"},"modified":"2025-06-09T19:18:09","modified_gmt":"2025-06-09T19:18:09","slug":"misto-quente","status":"publish","type":"product","link":"https:\/\/pasteldfeira.com.br\/cardapio\/produto\/misto-quente\/","title":{"rendered":"Misto Quente"},"content":{"rendered":"<p>Misto quente. Um caf\u00e9 e um misto quente \u00e9 a combina\u00e7\u00e3o perfeita!<\/p>\n","protected":false},"excerpt":{"rendered":"<p>Misto quente. Um caf\u00e9 e um misto quente \u00e9 a combina\u00e7\u00e3o perfeita!<\/p>\n","protected":false},"featured_media":661,"comment_status":"open","ping_status":"closed","template":"","meta":[],"product_brand":[],"product_cat":[19],"product_tag":[339,340,337,338,342,55,56,57,58,34,59,60,341],"class_list":{"0":"post-27","1":"product","2":"type-product","3":"status-publish","4":"has-post-thumbnail","6":"product_cat-paes","7":"product_tag-aberto-agora","8":"product_tag-comida","9":"product_tag-lanche","10":"product_tag-lanche-em-tupa","11":"product_tag-lugar-para-comer","12":"product_tag-misto-quente","13":"product_tag-misto-quente-na-pastel-dfeira","14":"product_tag-pao-e-queijo","15":"product_tag-pao-quente","16":"product_tag-pastel-dfeira","17":"product_tag-queijo","18":"product_tag-queijo-na-chapa","19":"product_tag-restaurante","21":"first","22":"instock","23":"shipping-taxable","24":"purchasable","25":"product-type-simple"},"_links":{"self":[{"href":"https:\/\/pasteldfeira.com.br\/cardapio\/wp-json\/wp\/v2\/product\/27","targetHints":{"allow":["GET"]}}],"collection":[{"href":"https:\/\/pasteldfeira.com.br\/cardapio\/wp-json\/wp\/v2\/product"}],"about":[{"href":"https:\/\/pasteldfeira.com.br\/cardapio\/wp-json\/wp\/v2\/types\/product"}],"replies":[{"embeddable":true,"href":"https:\/\/pasteldfeira.com.br\/cardapio\/wp-json\/wp\/v2\/comments?post=27"}],"wp:featuredmedia":[{"embeddable":true,"href":"https:\/\/pasteldfeira.com.br\/cardapio\/wp-json\/wp\/v2\/media\/661"}],"wp:attachment":[{"href":"https:\/\/pasteldfeira.com.br\/cardapio\/wp-json\/wp\/v2\/media?parent=27"}],"wp:term":[{"taxonomy":"product_brand","embeddable":true,"href":"https:\/\/pasteldfeira.com.br\/cardapio\/wp-json\/wp\/v2\/product_brand?post=27"},{"taxonomy":"product_cat","embeddable":true,"href":"https:\/\/pasteldfeira.com.br\/cardapio\/wp-json\/wp\/v2\/product_cat?post=27"},{"taxonomy":"product_tag","embeddable":true,"href":"https:\/\/pasteldfeira.com.br\/cardapio\/wp-json\/wp\/v2\/product_tag?post=27"}],"curies":[{"name":"wp","href":"https:\/\/api.w.org\/{rel}","templated":true}]}}