{"id":25,"date":"2022-01-20T19:06:58","date_gmt":"2022-01-20T19:06:58","guid":{"rendered":"https:\/\/pasteldfeira.com.br\/cardapio\/?post_type=product&#038;p=25"},"modified":"2025-06-09T19:15:42","modified_gmt":"2025-06-09T19:15:42","slug":"pao-com-manteiga-na-chapa","status":"publish","type":"product","link":"https:\/\/pasteldfeira.com.br\/cardapio\/produto\/pao-com-manteiga-na-chapa\/","title":{"rendered":"P\u00e3o com manteiga na chapa"},"content":{"rendered":"<p>P\u00e3o com manteiga na chapa. Uma dose de caf\u00e9 e um p\u00e3o na chapa pra come\u00e7ar bem o dia!<\/p>\n","protected":false},"excerpt":{"rendered":"<p>P\u00e3o com manteiga na chapa. Uma dose de caf\u00e9 e um p\u00e3o na chapa pra come\u00e7ar bem o dia!<\/p>\n","protected":false},"featured_media":663,"comment_status":"open","ping_status":"closed","template":"","meta":[],"product_brand":[],"product_cat":[19],"product_tag":[339,340,337,338,342,49,50,51,52,34,341],"class_list":{"0":"post-25","1":"product","2":"type-product","3":"status-publish","4":"has-post-thumbnail","6":"product_cat-paes","7":"product_tag-aberto-agora","8":"product_tag-comida","9":"product_tag-lanche","10":"product_tag-lanche-em-tupa","11":"product_tag-lugar-para-comer","12":"product_tag-pao-com-manteiga","13":"product_tag-pao-com-manteiga-na-chapa","14":"product_tag-pao-na-chapa","15":"product_tag-pao-na-chapa-na-pastel-dfeira","16":"product_tag-pastel-dfeira","17":"product_tag-restaurante","19":"first","20":"instock","21":"shipping-taxable","22":"purchasable","23":"product-type-simple"},"_links":{"self":[{"href":"https:\/\/pasteldfeira.com.br\/cardapio\/wp-json\/wp\/v2\/product\/25","targetHints":{"allow":["GET"]}}],"collection":[{"href":"https:\/\/pasteldfeira.com.br\/cardapio\/wp-json\/wp\/v2\/product"}],"about":[{"href":"https:\/\/pasteldfeira.com.br\/cardapio\/wp-json\/wp\/v2\/types\/product"}],"replies":[{"embeddable":true,"href":"https:\/\/pasteldfeira.com.br\/cardapio\/wp-json\/wp\/v2\/comments?post=25"}],"wp:featuredmedia":[{"embeddable":true,"href":"https:\/\/pasteldfeira.com.br\/cardapio\/wp-json\/wp\/v2\/media\/663"}],"wp:attachment":[{"href":"https:\/\/pasteldfeira.com.br\/cardapio\/wp-json\/wp\/v2\/media?parent=25"}],"wp:term":[{"taxonomy":"product_brand","embeddable":true,"href":"https:\/\/pasteldfeira.com.br\/cardapio\/wp-json\/wp\/v2\/product_brand?post=25"},{"taxonomy":"product_cat","embeddable":true,"href":"https:\/\/pasteldfeira.com.br\/cardapio\/wp-json\/wp\/v2\/product_cat?post=25"},{"taxonomy":"product_tag","embeddable":true,"href":"https:\/\/pasteldfeira.com.br\/cardapio\/wp-json\/wp\/v2\/product_tag?post=25"}],"curies":[{"name":"wp","href":"https:\/\/api.w.org\/{rel}","templated":true}]}}