{"id":22,"date":"2022-01-20T19:06:58","date_gmt":"2022-01-20T19:06:58","guid":{"rendered":"https:\/\/pasteldfeira.com.br\/cardapio\/?post_type=product&#038;p=22"},"modified":"2025-06-09T19:13:15","modified_gmt":"2025-06-09T19:13:15","slug":"cappuccino-150ml","status":"publish","type":"product","link":"https:\/\/pasteldfeira.com.br\/cardapio\/produto\/cappuccino-150ml\/","title":{"rendered":"Cappuccino 150mL"},"content":{"rendered":"<p>Cappuccino m\u00e9dio. Saudade de um cappuccino n\u00e9 minha filha? \u00c9 hora do caf\u00e9!<\/p>\n","protected":false},"excerpt":{"rendered":"<p>Cappuccino m\u00e9dio. Saudade de um cappuccino n\u00e9 minha filha? \u00c9 hora do caf\u00e9!<\/p>\n","protected":false},"featured_media":659,"comment_status":"open","ping_status":"closed","template":"","meta":[],"product_brand":[],"product_cat":[17,18],"product_tag":[339,40,31,32,39,41,42,340,337,338,342,34,341],"class_list":{"0":"post-22","1":"product","2":"type-product","3":"status-publish","4":"has-post-thumbnail","6":"product_cat-bebidas","7":"product_cat-cafes-quentes","8":"product_tag-aberto-agora","9":"product_tag-cafe-na-pastel-d-feira","10":"product_tag-cafe-quente","11":"product_tag-cafezinho","12":"product_tag-cappuccino","13":"product_tag-cappuccino-com-muita-espuma","14":"product_tag-cappuccino-quente","15":"product_tag-comida","16":"product_tag-lanche","17":"product_tag-lanche-em-tupa","18":"product_tag-lugar-para-comer","19":"product_tag-pastel-dfeira","20":"product_tag-restaurante","22":"first","23":"instock","24":"shipping-taxable","25":"purchasable","26":"product-type-simple"},"_links":{"self":[{"href":"https:\/\/pasteldfeira.com.br\/cardapio\/wp-json\/wp\/v2\/product\/22","targetHints":{"allow":["GET"]}}],"collection":[{"href":"https:\/\/pasteldfeira.com.br\/cardapio\/wp-json\/wp\/v2\/product"}],"about":[{"href":"https:\/\/pasteldfeira.com.br\/cardapio\/wp-json\/wp\/v2\/types\/product"}],"replies":[{"embeddable":true,"href":"https:\/\/pasteldfeira.com.br\/cardapio\/wp-json\/wp\/v2\/comments?post=22"}],"wp:featuredmedia":[{"embeddable":true,"href":"https:\/\/pasteldfeira.com.br\/cardapio\/wp-json\/wp\/v2\/media\/659"}],"wp:attachment":[{"href":"https:\/\/pasteldfeira.com.br\/cardapio\/wp-json\/wp\/v2\/media?parent=22"}],"wp:term":[{"taxonomy":"product_brand","embeddable":true,"href":"https:\/\/pasteldfeira.com.br\/cardapio\/wp-json\/wp\/v2\/product_brand?post=22"},{"taxonomy":"product_cat","embeddable":true,"href":"https:\/\/pasteldfeira.com.br\/cardapio\/wp-json\/wp\/v2\/product_cat?post=22"},{"taxonomy":"product_tag","embeddable":true,"href":"https:\/\/pasteldfeira.com.br\/cardapio\/wp-json\/wp\/v2\/product_tag?post=22"}],"curies":[{"name":"wp","href":"https:\/\/api.w.org\/{rel}","templated":true}]}}