{"id":19,"date":"2022-01-20T19:06:58","date_gmt":"2022-01-20T19:06:58","guid":{"rendered":"https:\/\/pasteldfeira.com.br\/cardapio\/?post_type=product&#038;p=19"},"modified":"2025-06-09T19:11:56","modified_gmt":"2025-06-09T19:11:56","slug":"cafe-expresso-75ml","status":"publish","type":"product","link":"https:\/\/pasteldfeira.com.br\/cardapio\/produto\/cafe-expresso-75ml\/","title":{"rendered":"Caf\u00e9 Expresso 75mL"},"content":{"rendered":"<p>Caf\u00e9 Expresso pequeno. Depois do caf\u00e9 eu me expresso!<\/p>\n","protected":false},"excerpt":{"rendered":"<p>Caf\u00e9 Expresso pequeno. Depois do caf\u00e9 eu me expresso!<\/p>\n","protected":false},"featured_media":654,"comment_status":"open","ping_status":"closed","template":"","meta":[],"product_brand":[],"product_cat":[17,18],"product_tag":[339,28,37,31,32,340,337,338,342,34,341],"class_list":{"0":"post-19","1":"product","2":"type-product","3":"status-publish","4":"has-post-thumbnail","6":"product_cat-bebidas","7":"product_cat-cafes-quentes","8":"product_tag-aberto-agora","9":"product_tag-cafe","10":"product_tag-cafe-expresso","11":"product_tag-cafe-quente","12":"product_tag-cafezinho","13":"product_tag-comida","14":"product_tag-lanche","15":"product_tag-lanche-em-tupa","16":"product_tag-lugar-para-comer","17":"product_tag-pastel-dfeira","18":"product_tag-restaurante","20":"first","21":"instock","22":"shipping-taxable","23":"purchasable","24":"product-type-simple"},"_links":{"self":[{"href":"https:\/\/pasteldfeira.com.br\/cardapio\/wp-json\/wp\/v2\/product\/19","targetHints":{"allow":["GET"]}}],"collection":[{"href":"https:\/\/pasteldfeira.com.br\/cardapio\/wp-json\/wp\/v2\/product"}],"about":[{"href":"https:\/\/pasteldfeira.com.br\/cardapio\/wp-json\/wp\/v2\/types\/product"}],"replies":[{"embeddable":true,"href":"https:\/\/pasteldfeira.com.br\/cardapio\/wp-json\/wp\/v2\/comments?post=19"}],"wp:featuredmedia":[{"embeddable":true,"href":"https:\/\/pasteldfeira.com.br\/cardapio\/wp-json\/wp\/v2\/media\/654"}],"wp:attachment":[{"href":"https:\/\/pasteldfeira.com.br\/cardapio\/wp-json\/wp\/v2\/media?parent=19"}],"wp:term":[{"taxonomy":"product_brand","embeddable":true,"href":"https:\/\/pasteldfeira.com.br\/cardapio\/wp-json\/wp\/v2\/product_brand?post=19"},{"taxonomy":"product_cat","embeddable":true,"href":"https:\/\/pasteldfeira.com.br\/cardapio\/wp-json\/wp\/v2\/product_cat?post=19"},{"taxonomy":"product_tag","embeddable":true,"href":"https:\/\/pasteldfeira.com.br\/cardapio\/wp-json\/wp\/v2\/product_tag?post=19"}],"curies":[{"name":"wp","href":"https:\/\/api.w.org\/{rel}","templated":true}]}}