{"id":18,"date":"2022-01-20T19:06:58","date_gmt":"2022-01-20T19:06:58","guid":{"rendered":"https:\/\/pasteldfeira.com.br\/cardapio\/?post_type=product&#038;p=18"},"modified":"2025-06-09T19:11:43","modified_gmt":"2025-06-09T19:11:43","slug":"cafe-com-leite-150ml","status":"publish","type":"product","link":"https:\/\/pasteldfeira.com.br\/cardapio\/produto\/cafe-com-leite-150ml\/","title":{"rendered":"Caf\u00e9 com Leite 150mL"},"content":{"rendered":"<p>Caf\u00e9 ao Leite m\u00e9dio. N\u00e3o deixe de experimentar o nosso cafezinho com past\u00e9is!<\/p>\n","protected":false},"excerpt":{"rendered":"<p>Caf\u00e9 ao Leite m\u00e9dio. N\u00e3o deixe de experimentar o nosso cafezinho com past\u00e9is!<\/p>\n","protected":false},"featured_media":658,"comment_status":"open","ping_status":"closed","template":"","meta":[],"product_brand":[],"product_cat":[17,18],"product_tag":[339,35,28,29,32,36,340,337,338,33,342,34,341],"class_list":{"0":"post-18","1":"product","2":"type-product","3":"status-publish","4":"has-post-thumbnail","6":"product_cat-bebidas","7":"product_cat-cafes-quentes","8":"product_tag-aberto-agora","9":"product_tag-bom-dia-depois-do-cafe","10":"product_tag-cafe","11":"product_tag-cafe-ao-leite","12":"product_tag-cafezinho","13":"product_tag-cafezinho-quentinho","14":"product_tag-comida","15":"product_tag-lanche","16":"product_tag-lanche-em-tupa","17":"product_tag-leite","18":"product_tag-lugar-para-comer","19":"product_tag-pastel-dfeira","20":"product_tag-restaurante","22":"first","23":"instock","24":"shipping-taxable","25":"purchasable","26":"product-type-simple"},"_links":{"self":[{"href":"https:\/\/pasteldfeira.com.br\/cardapio\/wp-json\/wp\/v2\/product\/18","targetHints":{"allow":["GET"]}}],"collection":[{"href":"https:\/\/pasteldfeira.com.br\/cardapio\/wp-json\/wp\/v2\/product"}],"about":[{"href":"https:\/\/pasteldfeira.com.br\/cardapio\/wp-json\/wp\/v2\/types\/product"}],"replies":[{"embeddable":true,"href":"https:\/\/pasteldfeira.com.br\/cardapio\/wp-json\/wp\/v2\/comments?post=18"}],"wp:featuredmedia":[{"embeddable":true,"href":"https:\/\/pasteldfeira.com.br\/cardapio\/wp-json\/wp\/v2\/media\/658"}],"wp:attachment":[{"href":"https:\/\/pasteldfeira.com.br\/cardapio\/wp-json\/wp\/v2\/media?parent=18"}],"wp:term":[{"taxonomy":"product_brand","embeddable":true,"href":"https:\/\/pasteldfeira.com.br\/cardapio\/wp-json\/wp\/v2\/product_brand?post=18"},{"taxonomy":"product_cat","embeddable":true,"href":"https:\/\/pasteldfeira.com.br\/cardapio\/wp-json\/wp\/v2\/product_cat?post=18"},{"taxonomy":"product_tag","embeddable":true,"href":"https:\/\/pasteldfeira.com.br\/cardapio\/wp-json\/wp\/v2\/product_tag?post=18"}],"curies":[{"name":"wp","href":"https:\/\/api.w.org\/{rel}","templated":true}]}}