{"id":17,"date":"2022-01-20T19:06:58","date_gmt":"2022-01-20T19:06:58","guid":{"rendered":"https:\/\/pasteldfeira.com.br\/cardapio\/?post_type=product&#038;p=17"},"modified":"2025-06-09T19:11:24","modified_gmt":"2025-06-09T19:11:24","slug":"cafe-com-leite-75ml","status":"publish","type":"product","link":"https:\/\/pasteldfeira.com.br\/cardapio\/produto\/cafe-com-leite-75ml\/","title":{"rendered":"Caf\u00e9 com Leite 75mL"},"content":{"rendered":"<p>Caf\u00e9 ao Leite pequeno. N\u00e3o deixe de experimentar o caf\u00e9 quentinho com Past\u00e9is!<\/p>\n","protected":false},"excerpt":{"rendered":"<p>Caf\u00e9 ao Leite pequeno. N\u00e3o deixe de experimentar o caf\u00e9 quentinho com Past\u00e9is!<\/p>\n","protected":false},"featured_media":658,"comment_status":"open","ping_status":"closed","template":"","meta":[],"product_brand":[],"product_cat":[17,18],"product_tag":[339,27,28,29,30,31,32,340,337,338,33,342,34,341],"class_list":{"0":"post-17","1":"product","2":"type-product","3":"status-publish","4":"has-post-thumbnail","6":"product_cat-bebidas","7":"product_cat-cafes-quentes","8":"product_tag-aberto-agora","9":"product_tag-bom-dia-com-cafe","10":"product_tag-cafe","11":"product_tag-cafe-ao-leite","12":"product_tag-cafe-pequeno","13":"product_tag-cafe-quente","14":"product_tag-cafezinho","15":"product_tag-comida","16":"product_tag-lanche","17":"product_tag-lanche-em-tupa","18":"product_tag-leite","19":"product_tag-lugar-para-comer","20":"product_tag-pastel-dfeira","21":"product_tag-restaurante","23":"first","24":"instock","25":"shipping-taxable","26":"purchasable","27":"product-type-simple"},"_links":{"self":[{"href":"https:\/\/pasteldfeira.com.br\/cardapio\/wp-json\/wp\/v2\/product\/17","targetHints":{"allow":["GET"]}}],"collection":[{"href":"https:\/\/pasteldfeira.com.br\/cardapio\/wp-json\/wp\/v2\/product"}],"about":[{"href":"https:\/\/pasteldfeira.com.br\/cardapio\/wp-json\/wp\/v2\/types\/product"}],"replies":[{"embeddable":true,"href":"https:\/\/pasteldfeira.com.br\/cardapio\/wp-json\/wp\/v2\/comments?post=17"}],"wp:featuredmedia":[{"embeddable":true,"href":"https:\/\/pasteldfeira.com.br\/cardapio\/wp-json\/wp\/v2\/media\/658"}],"wp:attachment":[{"href":"https:\/\/pasteldfeira.com.br\/cardapio\/wp-json\/wp\/v2\/media?parent=17"}],"wp:term":[{"taxonomy":"product_brand","embeddable":true,"href":"https:\/\/pasteldfeira.com.br\/cardapio\/wp-json\/wp\/v2\/product_brand?post=17"},{"taxonomy":"product_cat","embeddable":true,"href":"https:\/\/pasteldfeira.com.br\/cardapio\/wp-json\/wp\/v2\/product_cat?post=17"},{"taxonomy":"product_tag","embeddable":true,"href":"https:\/\/pasteldfeira.com.br\/cardapio\/wp-json\/wp\/v2\/product_tag?post=17"}],"curies":[{"name":"wp","href":"https:\/\/api.w.org\/{rel}","templated":true}]}}