{"id":149,"date":"2022-01-21T13:46:49","date_gmt":"2022-01-21T13:46:49","guid":{"rendered":"https:\/\/pasteldfeira.com.br\/cardapio\/?post_type=product&#038;p=149"},"modified":"2025-06-09T19:22:00","modified_gmt":"2025-06-09T19:22:00","slug":"cafe-gourmet-tremendao","status":"publish","type":"product","link":"https:\/\/pasteldfeira.com.br\/cardapio\/produto\/cafe-gourmet-tremendao\/","title":{"rendered":"Caf\u00e9 Gourmet TREMEND\u00c3O"},"content":{"rendered":"<p>Caf\u00e9 Gourmet com muito chocolate, chantilly, uma del\u00edcia e irresist\u00edvel.<\/p>\n","protected":false},"excerpt":{"rendered":"<p>Caf\u00e9 Gourmet com muito chocolate, chantilly, uma del\u00edcia e irresist\u00edvel.<\/p>\n","protected":false},"featured_media":740,"comment_status":"open","ping_status":"closed","template":"","meta":[],"product_brand":[],"product_cat":[299],"product_tag":[339,28,271,268,270,43,340,269,337,338,342,34,341],"class_list":{"0":"post-149","1":"product","2":"type-product","3":"status-publish","4":"has-post-thumbnail","6":"product_cat-vidros","7":"product_tag-aberto-agora","8":"product_tag-cafe","9":"product_tag-cafe-gelado-na-pastel-dfeira","10":"product_tag-cafe-gourmet","11":"product_tag-chantilly","12":"product_tag-chocolate","13":"product_tag-comida","14":"product_tag-gourmet","15":"product_tag-lanche","16":"product_tag-lanche-em-tupa","17":"product_tag-lugar-para-comer","18":"product_tag-pastel-dfeira","19":"product_tag-restaurante","21":"first","22":"instock","23":"shipping-taxable","24":"purchasable","25":"product-type-simple"},"_links":{"self":[{"href":"https:\/\/pasteldfeira.com.br\/cardapio\/wp-json\/wp\/v2\/product\/149","targetHints":{"allow":["GET"]}}],"collection":[{"href":"https:\/\/pasteldfeira.com.br\/cardapio\/wp-json\/wp\/v2\/product"}],"about":[{"href":"https:\/\/pasteldfeira.com.br\/cardapio\/wp-json\/wp\/v2\/types\/product"}],"replies":[{"embeddable":true,"href":"https:\/\/pasteldfeira.com.br\/cardapio\/wp-json\/wp\/v2\/comments?post=149"}],"wp:featuredmedia":[{"embeddable":true,"href":"https:\/\/pasteldfeira.com.br\/cardapio\/wp-json\/wp\/v2\/media\/740"}],"wp:attachment":[{"href":"https:\/\/pasteldfeira.com.br\/cardapio\/wp-json\/wp\/v2\/media?parent=149"}],"wp:term":[{"taxonomy":"product_brand","embeddable":true,"href":"https:\/\/pasteldfeira.com.br\/cardapio\/wp-json\/wp\/v2\/product_brand?post=149"},{"taxonomy":"product_cat","embeddable":true,"href":"https:\/\/pasteldfeira.com.br\/cardapio\/wp-json\/wp\/v2\/product_cat?post=149"},{"taxonomy":"product_tag","embeddable":true,"href":"https:\/\/pasteldfeira.com.br\/cardapio\/wp-json\/wp\/v2\/product_tag?post=149"}],"curies":[{"name":"wp","href":"https:\/\/api.w.org\/{rel}","templated":true}]}}