{"id":143,"date":"2022-01-21T13:18:40","date_gmt":"2022-01-21T13:18:40","guid":{"rendered":"https:\/\/pasteldfeira.com.br\/cardapio\/?post_type=product&#038;p=143"},"modified":"2025-06-09T19:26:09","modified_gmt":"2025-06-09T19:26:09","slug":"pastel-de-frango-com-requeijao","status":"publish","type":"product","link":"https:\/\/pasteldfeira.com.br\/cardapio\/produto\/pastel-de-frango-com-requeijao\/","title":{"rendered":"Pastel de Frango com Requeij\u00e3o"},"content":{"rendered":"<p>Pastel de Frango com Requeij\u00e3o, frango temperado com segredos da casa, e requeij\u00e3o da melhor qualidade.<\/p>\n","protected":false},"excerpt":{"rendered":"<p>Pastel de Frango com Requeij\u00e3o, frango temperado com segredos da casa, e requeij\u00e3o da melhor qualidade.<\/p>\n","protected":false},"featured_media":671,"comment_status":"open","ping_status":"closed","template":"","meta":[],"product_brand":[],"product_cat":[16],"product_tag":[339,340,256,337,338,342,25,34,254,208,255,161,341],"class_list":{"0":"post-143","1":"product","2":"type-product","3":"status-publish","4":"has-post-thumbnail","6":"product_cat-pasteis","7":"product_tag-aberto-agora","8":"product_tag-comida","9":"product_tag-frango","10":"product_tag-lanche","11":"product_tag-lanche-em-tupa","12":"product_tag-lugar-para-comer","13":"product_tag-pastel","14":"product_tag-pastel-dfeira","15":"product_tag-pastel-de-frango","16":"product_tag-pastel-de-frango-com-requeijao","17":"product_tag-pastel-de-requeijao","18":"product_tag-requeijao","19":"product_tag-restaurante","21":"first","22":"instock","23":"shipping-taxable","24":"purchasable","25":"product-type-simple"},"_links":{"self":[{"href":"https:\/\/pasteldfeira.com.br\/cardapio\/wp-json\/wp\/v2\/product\/143","targetHints":{"allow":["GET"]}}],"collection":[{"href":"https:\/\/pasteldfeira.com.br\/cardapio\/wp-json\/wp\/v2\/product"}],"about":[{"href":"https:\/\/pasteldfeira.com.br\/cardapio\/wp-json\/wp\/v2\/types\/product"}],"replies":[{"embeddable":true,"href":"https:\/\/pasteldfeira.com.br\/cardapio\/wp-json\/wp\/v2\/comments?post=143"}],"wp:featuredmedia":[{"embeddable":true,"href":"https:\/\/pasteldfeira.com.br\/cardapio\/wp-json\/wp\/v2\/media\/671"}],"wp:attachment":[{"href":"https:\/\/pasteldfeira.com.br\/cardapio\/wp-json\/wp\/v2\/media?parent=143"}],"wp:term":[{"taxonomy":"product_brand","embeddable":true,"href":"https:\/\/pasteldfeira.com.br\/cardapio\/wp-json\/wp\/v2\/product_brand?post=143"},{"taxonomy":"product_cat","embeddable":true,"href":"https:\/\/pasteldfeira.com.br\/cardapio\/wp-json\/wp\/v2\/product_cat?post=143"},{"taxonomy":"product_tag","embeddable":true,"href":"https:\/\/pasteldfeira.com.br\/cardapio\/wp-json\/wp\/v2\/product_tag?post=143"}],"curies":[{"name":"wp","href":"https:\/\/api.w.org\/{rel}","templated":true}]}}