{"id":134,"date":"2022-01-21T12:27:36","date_gmt":"2022-01-21T12:27:36","guid":{"rendered":"https:\/\/pasteldfeira.com.br\/cardapio\/?post_type=product&#038;p=134"},"modified":"2025-06-09T19:15:13","modified_gmt":"2025-06-09T19:15:13","slug":"paomelete-sugestao-da-casa","status":"publish","type":"product","link":"https:\/\/pasteldfeira.com.br\/cardapio\/produto\/paomelete-sugestao-da-casa\/","title":{"rendered":"P\u00e3omelete Sugest\u00e3o da casa"},"content":{"rendered":"<p>P\u00e3omelete; P\u00e3o com ovos mexidos, requeij\u00e3o, ervas finas e mel. Uma del\u00edcia, voc\u00ea tem que provar.<\/p>\n","protected":false},"excerpt":{"rendered":"<p>P\u00e3omelete; P\u00e3o com ovos mexidos, requeij\u00e3o, ervas finas e mel. Uma del\u00edcia, voc\u00ea tem que provar.<\/p>\n","protected":false},"featured_media":674,"comment_status":"open","ping_status":"closed","template":"","meta":[],"product_brand":[],"product_cat":[19],"product_tag":[339,340,337,338,342,232,233,65,234,231,34,341],"class_list":{"0":"post-134","1":"product","2":"type-product","3":"status-publish","4":"has-post-thumbnail","6":"product_cat-paes","7":"product_tag-aberto-agora","8":"product_tag-comida","9":"product_tag-lanche","10":"product_tag-lanche-em-tupa","11":"product_tag-lugar-para-comer","12":"product_tag-ovo-com-mel","13":"product_tag-ovo-temperado","14":"product_tag-pao-com-ovo","15":"product_tag-pao-com-ovomelete","16":"product_tag-paomelete","17":"product_tag-pastel-dfeira","18":"product_tag-restaurante","20":"first","21":"instock","22":"shipping-taxable","23":"purchasable","24":"product-type-simple"},"_links":{"self":[{"href":"https:\/\/pasteldfeira.com.br\/cardapio\/wp-json\/wp\/v2\/product\/134","targetHints":{"allow":["GET"]}}],"collection":[{"href":"https:\/\/pasteldfeira.com.br\/cardapio\/wp-json\/wp\/v2\/product"}],"about":[{"href":"https:\/\/pasteldfeira.com.br\/cardapio\/wp-json\/wp\/v2\/types\/product"}],"replies":[{"embeddable":true,"href":"https:\/\/pasteldfeira.com.br\/cardapio\/wp-json\/wp\/v2\/comments?post=134"}],"wp:featuredmedia":[{"embeddable":true,"href":"https:\/\/pasteldfeira.com.br\/cardapio\/wp-json\/wp\/v2\/media\/674"}],"wp:attachment":[{"href":"https:\/\/pasteldfeira.com.br\/cardapio\/wp-json\/wp\/v2\/media?parent=134"}],"wp:term":[{"taxonomy":"product_brand","embeddable":true,"href":"https:\/\/pasteldfeira.com.br\/cardapio\/wp-json\/wp\/v2\/product_brand?post=134"},{"taxonomy":"product_cat","embeddable":true,"href":"https:\/\/pasteldfeira.com.br\/cardapio\/wp-json\/wp\/v2\/product_cat?post=134"},{"taxonomy":"product_tag","embeddable":true,"href":"https:\/\/pasteldfeira.com.br\/cardapio\/wp-json\/wp\/v2\/product_tag?post=134"}],"curies":[{"name":"wp","href":"https:\/\/api.w.org\/{rel}","templated":true}]}}